{"id":157,"date":"2020-08-04T14:45:41","date_gmt":"2020-08-04T14:45:41","guid":{"rendered":"https:\/\/einfachspanisch.ch\/blog\/?page_id=157"},"modified":"2024-12-29T19:21:40","modified_gmt":"2024-12-29T19:21:40","slug":"vocabulario","status":"publish","type":"page","link":"https:\/\/einfachspanisch.ch\/blog\/vocabulario\/","title":{"rendered":"Vocabulario"},"content":{"rendered":"\n    \n    <section class=\"u-align-center u-clearfix u-container-align-center u-grey-5 u-section-2\" id=\"carousel_356a\">\n      <div class=\"u-clearfix u-sheet u-sheet-1\">\n        <h2 class=\"u-text u-text-1\">Actividades para aprender y ense\u00f1ar&nbsp; vocabulario<\/h2>\n        <div class=\"u-blog u-expanded-width u-blog-1\">\n          <div class=\"u-list-control\"><\/div>\n          <div class=\"u-repeater u-repeater-1\">\n            <div class=\"u-align-left u-blog-post u-container-align-left u-container-style u-repeater-item u-video-cover u-white u-repeater-item-1\">\n              <div class=\"u-container-layout u-similar-container u-valign-top-sm u-valign-top-xs u-container-layout-1\"><a class=\"u-blog-control u-expanded-width-xs u-image u-image-default u-image-1\" href=\"https:\/\/einfachspanisch.ch\/blog\/2024\/12\/29\/vocabulario-sobre-la-navidad\/\">\n                <img decoding=\"async\" alt=\"\" class=\"u-blog-control u-expanded-width-xs u-image u-image-default u-image-1\" src=\"https:\/\/einfachspanisch.ch\/blog\/wp-content\/uploads\/2024\/12\/cute_handdrawn_christmas_background_banner_04-scaled.jpg\" data-image-width=\"567\" data-image-height=\"696\"><\/a>\n                <h4 class=\"u-blog-control u-text u-text-2\">\n                  <a class=\"u-post-header-link\" href=\"https:\/\/einfachspanisch.ch\/blog\/2024\/12\/29\/vocabulario-sobre-la-navidad\/\" style=\"\">Vocabulario sobre la Navidad<\/a>\n                <\/h4>\n                <div class=\"u-blog-control u-metadata u-text-grey-30 u-metadata-1\">\n                  <span class=\"u-meta-date u-meta-icon\">diciembre 29, 2024<\/span>\n                  <span class=\"u-meta-comments u-meta-icon\"><a class=\"u-textlink\" href=\"https:\/\/einfachspanisch.ch\/blog\/2024\/12\/29\/vocabulario-sobre-la-navidad\/#respond\">Comments (0)<\/a><\/span>\n                <\/div>\n              <\/div>\n            <\/div>\n            <div class=\"u-align-left u-blog-post u-container-align-left u-container-style u-repeater-item u-video-cover u-white u-repeater-item-2\">\n              <div class=\"u-container-layout u-similar-container u-valign-top-sm u-valign-top-xs u-container-layout-2\"><a class=\"u-blog-control u-expanded-width-xs u-image u-image-default u-image-2\" href=\"https:\/\/einfachspanisch.ch\/blog\/2022\/05\/27\/animales\/\">\n                <img decoding=\"async\" alt=\"\" class=\"u-blog-control u-expanded-width-xs u-image u-image-default u-image-2\" src=\"https:\/\/einfachspanisch.ch\/blog\/wp-content\/uploads\/2022\/05\/Animales.png\" data-image-width=\"567\" data-image-height=\"696\"><\/a>\n                <h4 class=\"u-blog-control u-text u-text-3\">\n                  <a class=\"u-post-header-link\" href=\"https:\/\/einfachspanisch.ch\/blog\/2022\/05\/27\/animales\/\" style=\"\">Animales<\/a>\n                <\/h4>\n                <div class=\"u-blog-control u-metadata u-text-grey-30 u-metadata-2\">\n                  <span class=\"u-meta-date u-meta-icon\">mayo 27, 2022<\/span>\n                  <span class=\"u-meta-comments u-meta-icon\"><a class=\"u-textlink\" href=\"https:\/\/einfachspanisch.ch\/blog\/2022\/05\/27\/animales\/#respond\">Comments (0)<\/a><\/span>\n                <\/div>\n              <\/div>\n            <\/div>\n            <div class=\"u-align-left u-blog-post u-container-align-left u-container-style u-repeater-item u-video-cover u-white u-repeater-item-3\">\n              <div class=\"u-container-layout u-similar-container u-valign-top-sm u-valign-top-xs u-container-layout-3\"><a class=\"u-blog-control u-expanded-width-xs u-image u-image-default u-image-3\" href=\"https:\/\/einfachspanisch.ch\/blog\/2020\/08\/04\/hablar-sobre-vacaciones\/\">\n                <img decoding=\"async\" alt=\"\" class=\"u-blog-control u-expanded-width-xs u-image u-image-default u-image-3\" src=\"https:\/\/einfachspanisch.ch\/blog\/wp-content\/uploads\/2020\/08\/Vacaciones-en-la-playa.png\"><\/a>\n                <h4 class=\"u-blog-control u-text u-text-4\">\n                  <a class=\"u-post-header-link\" href=\"https:\/\/einfachspanisch.ch\/blog\/2020\/08\/04\/hablar-sobre-vacaciones\/\" style=\"\">Hablar sobre vacaciones<\/a>\n                <\/h4>\n                <div class=\"u-blog-control u-metadata u-text-grey-30 u-metadata-3\">\n                  <span class=\"u-meta-date u-meta-icon\">agosto 4, 2020<\/span>\n                  <span class=\"u-meta-comments u-meta-icon\"><a class=\"u-textlink\" href=\"https:\/\/einfachspanisch.ch\/blog\/2020\/08\/04\/hablar-sobre-vacaciones\/#respond\">Comments (0)<\/a><\/span>\n                <\/div>\n              <\/div>\n            <\/div>\n            <div class=\"u-align-left u-blog-post u-container-align-left u-container-style u-repeater-item u-video-cover u-white u-repeater-item-1\">\n              <div class=\"u-container-layout u-similar-container u-valign-top-sm u-valign-top-xs u-container-layout-1\"><a class=\"u-blog-control u-expanded-width-xs u-image u-image-default u-image-1\" href=\"https:\/\/einfachspanisch.ch\/blog\/2020\/08\/04\/vocabulario-de-la-vivienda\/\">\n                <img decoding=\"async\" alt=\"\" class=\"u-blog-control u-expanded-width-xs u-image u-image-default u-image-1\" src=\"https:\/\/einfachspanisch.ch\/blog\/wp-content\/uploads\/2020\/08\/Vocabulario-de-la-vivienda-3.png\" data-image-width=\"567\" data-image-height=\"696\"><\/a>\n                <h4 class=\"u-blog-control u-text u-text-2\">\n                  <a class=\"u-post-header-link\" href=\"https:\/\/einfachspanisch.ch\/blog\/2020\/08\/04\/vocabulario-de-la-vivienda\/\" style=\"\">Vocabulario de la vivienda<\/a>\n                <\/h4>\n                <div class=\"u-blog-control u-metadata u-text-grey-30 u-metadata-1\">\n                  <span class=\"u-meta-date u-meta-icon\">agosto 4, 2020<\/span>\n                  <span class=\"u-meta-comments u-meta-icon\"><a class=\"u-textlink\" href=\"https:\/\/einfachspanisch.ch\/blog\/2020\/08\/04\/vocabulario-de-la-vivienda\/#respond\">Comments (0)<\/a><\/span>\n                <\/div>\n              <\/div>\n            <\/div>\n            <div class=\"u-align-left u-blog-post u-container-align-left u-container-style u-repeater-item u-video-cover u-white u-repeater-item-2\">\n              <div class=\"u-container-layout u-similar-container u-valign-top-sm u-valign-top-xs u-container-layout-2\"><a class=\"u-blog-control u-expanded-width-xs u-image u-image-default u-image-2\" href=\"https:\/\/einfachspanisch.ch\/blog\/2020\/07\/23\/numeros\/\">\n                <img decoding=\"async\" alt=\"\" class=\"u-blog-control u-expanded-width-xs u-image u-image-default u-image-2\" src=\"https:\/\/einfachspanisch.ch\/blog\/wp-content\/uploads\/2022\/05\/mathematics-abstract-background-made-with-solid-numbers-1-1024x629.jpg\" data-image-width=\"567\" data-image-height=\"696\"><\/a>\n                <h4 class=\"u-blog-control u-text u-text-3\">\n                  <a class=\"u-post-header-link\" href=\"https:\/\/einfachspanisch.ch\/blog\/2020\/07\/23\/numeros\/\" style=\"\">Actividades para aprender y practicar los n\u00fameros en espa\u00f1ol<\/a>\n                <\/h4>\n                <div class=\"u-blog-control u-metadata u-text-grey-30 u-metadata-2\">\n                  <span class=\"u-meta-date u-meta-icon\">julio 23, 2020<\/span>\n                  <span class=\"u-meta-comments u-meta-icon\"><a class=\"u-textlink\" href=\"https:\/\/einfachspanisch.ch\/blog\/2020\/07\/23\/numeros\/#respond\">Comments (0)<\/a><\/span>\n                <\/div>\n              <\/div>\n            <\/div>\n          <\/div>\n          <div class=\"u-list-control\"><\/div>\n        <\/div>\n        <a href=\"#\" class=\"u-border-2 u-border-palette-5-light-1 u-btn u-btn-rectangle u-button-style u-none u-text-body-color u-btn-1\">VER M\u00c1S ... <\/a>\n      <\/div>\n    <\/section>\n    \n    \n    \n  \n","protected":false},"excerpt":{"rendered":"<p>Actividades para aprender y ense\u00f1ar&nbsp; vocabulario Vocabulario sobre la Navidad diciembre 29, 2024 Comments (0) Animales mayo 27, 2022 Comments (0) Hablar sobre vacaciones agosto 4, 2020 Comments (0) Vocabulario de la vivienda agosto 4, 2020 Comments (0) Actividades para aprender y practicar los n\u00fameros en espa\u00f1ol julio 23, 2020 Comments (0) VER M\u00c1S &#8230;<\/p>\n","protected":false},"author":1,"featured_media":0,"parent":0,"menu_order":0,"comment_status":"closed","ping_status":"closed","template":"","meta":{"footnotes":""},"class_list":["post-157","page","type-page","status-publish","hentry"],"_links":{"self":[{"href":"https:\/\/einfachspanisch.ch\/blog\/wp-json\/wp\/v2\/pages\/157","targetHints":{"allow":["GET"]}}],"collection":[{"href":"https:\/\/einfachspanisch.ch\/blog\/wp-json\/wp\/v2\/pages"}],"about":[{"href":"https:\/\/einfachspanisch.ch\/blog\/wp-json\/wp\/v2\/types\/page"}],"author":[{"embeddable":true,"href":"https:\/\/einfachspanisch.ch\/blog\/wp-json\/wp\/v2\/users\/1"}],"replies":[{"embeddable":true,"href":"https:\/\/einfachspanisch.ch\/blog\/wp-json\/wp\/v2\/comments?post=157"}],"version-history":[{"count":26,"href":"https:\/\/einfachspanisch.ch\/blog\/wp-json\/wp\/v2\/pages\/157\/revisions"}],"predecessor-version":[{"id":671,"href":"https:\/\/einfachspanisch.ch\/blog\/wp-json\/wp\/v2\/pages\/157\/revisions\/671"}],"wp:attachment":[{"href":"https:\/\/einfachspanisch.ch\/blog\/wp-json\/wp\/v2\/media?parent=157"}],"curies":[{"name":"wp","href":"https:\/\/api.w.org\/{rel}","templated":true}]}}